{"id":286,"date":"2016-06-10T19:51:49","date_gmt":"2016-06-10T16:51:49","guid":{"rendered":"http:\/\/www.d-sign.ee\/en\/?page_id=286"},"modified":"2018-10-17T14:31:34","modified_gmt":"2018-10-17T11:31:34","slug":"services","status":"publish","type":"page","link":"https:\/\/www.d-sign.ee\/en\/services\/","title":{"rendered":"Services"},"content":{"rendered":"<div class=\"flex-grid-thirds\">\n<div class=\"col \">\n<div class=\"imagebox\" style=\"background-image: url('http:\/\/www.d-sign.ee\/wp-content\/uploads\/2018\/10\/K\u00f6\u00f6gim\u00f6\u00f6bli-projekteerimine_x_c.jpg')\">\n\t\t<\/div>\n<h2>Kitchen furniture design<\/h2>\n<p>\n\t\tFunctional kitchen furniture design<br \/>\nHelp in choosing kitchen appliances\n\t\t<\/p>\n<\/p><\/div>\n<div class=\"col \">\n<div class=\"imagebox\" style=\"background-image: url('http:\/\/www.d-sign.ee\/wp-content\/uploads\/2018\/10\/Sisearhitektuuriline-projekteerimine_x_c.jpg')\">\n\t\t<\/div>\n<h2>Interior decoration design<\/h2>\n<p>\n\t\tPreliminary project stage<br \/>\nPrincipal project stage<br \/>\nOperational project stage\n\t\t<\/p>\n<\/p><\/div>\n<div class=\"col\">\n<div class=\"imagebox\" style=\"background-image: url('http:\/\/www.d-sign.ee\/wp-content\/uploads\/2018\/10\/22-1024x678.jpg')\">\n\t\t<\/div>\n<h2>Utility systems design<\/h2>\n<p>\n\t\tWater and drainage<br \/>\nHeating, ventilation, cooling<br \/>\nElectricity and low-current\n\t\t<\/p>\n<\/p><\/div>\n<div class=\"col\">\n<div class=\"imagebox\" style=\"background-image: url('http:\/\/www.d-sign.ee\/wp-content\/uploads\/2018\/10\/11-1024x683.jpg')\">\n\t\t<\/div>\n<h2>Author\u2019s supervision<\/h2>\n<p>\nCommunication with the builder; overseeing that the construction follows the design at the site; dealing with current issues.\n\t\t<\/p>\n<\/p><\/div>\n<div class=\"col\">\n<div class=\"imagebox\" style=\"background-image: url('http:\/\/www.d-sign.ee\/wp-content\/uploads\/2018\/10\/Sisearhitektuur-arendusprojektidele_x_c.jpg')\">\n\t\t<\/div>\n<h2>Interior design for development projects<\/h2>\n<p>\n\t\tDeveloping interior finishing options<br \/>\nPrice comparison of suppliers<br \/>\nDesign of utility systems and project coordination\n\t\t<\/p>\n<\/p><\/div>\n<div class=\"col\">\n<div class=\"imagebox\" style=\"background-image: url('http:\/\/www.d-sign.ee\/wp-content\/uploads\/2018\/10\/3d_x_c.jpg')\">\n\t\t<\/div>\n<h2>3D Visualisation<\/h2>\n<p>\n\t\t3D images of architecture and interior design.\n\t\t<\/p>\n<\/p><\/div>\n<div class=\"col\">\n<div class=\"imagebox\" style=\"background-image: url('http:\/\/www.d-sign.ee\/wp-content\/uploads\/2018\/10\/Projektijuhtimine_x_c.jpg')\">\n\t\t<\/div>\n<h2>Project management<\/h2>\n<p>\t\t<P><br \/>\n\t\t\tCoordinating the design of utility systems<br \/>\nComparison of price inquiries and offers<br \/>\nOrdering interior design materials and furniture<br \/>\n\t\t<\/P>\n\t<\/div>\n<div class=\"col\">\n<div class=\"imagebox\" style=\"background-image: url('http:\/\/www.d-sign.ee\/wp-content\/uploads\/2018\/10\/Konsultatsioonid_x_c.jpg')\">\n\t\t<\/div>\n<h2>Consultations<\/h2>\n<\/p><\/div>\n<\/div>\n","protected":false},"excerpt":{"rendered":"<p>Kitchen furniture design Functional kitchen furniture design Help in choosing kitchen appliances Interior decoration design Preliminary project stage Principal project stage Operational project stage Utility systems design Water and drainage Heating, ventilation, cooling Electricity and low-current Author\u2019s supervision Communication with the builder; overseeing that the construction follows the design at the site; dealing with current [&hellip;]<\/p>\n","protected":false},"author":2,"featured_media":0,"parent":0,"menu_order":0,"comment_status":"closed","ping_status":"closed","template":"","meta":{"_acf_changed":false,"footnotes":""},"class_list":["post-286","page","type-page","status-publish","hentry"],"acf":[],"_links":{"self":[{"href":"https:\/\/www.d-sign.ee\/en\/wp-json\/wp\/v2\/pages\/286","targetHints":{"allow":["GET"]}}],"collection":[{"href":"https:\/\/www.d-sign.ee\/en\/wp-json\/wp\/v2\/pages"}],"about":[{"href":"https:\/\/www.d-sign.ee\/en\/wp-json\/wp\/v2\/types\/page"}],"author":[{"embeddable":true,"href":"https:\/\/www.d-sign.ee\/en\/wp-json\/wp\/v2\/users\/2"}],"replies":[{"embeddable":true,"href":"https:\/\/www.d-sign.ee\/en\/wp-json\/wp\/v2\/comments?post=286"}],"version-history":[{"count":7,"href":"https:\/\/www.d-sign.ee\/en\/wp-json\/wp\/v2\/pages\/286\/revisions"}],"predecessor-version":[{"id":863,"href":"https:\/\/www.d-sign.ee\/en\/wp-json\/wp\/v2\/pages\/286\/revisions\/863"}],"wp:attachment":[{"href":"https:\/\/www.d-sign.ee\/en\/wp-json\/wp\/v2\/media?parent=286"}],"curies":[{"name":"wp","href":"https:\/\/api.w.org\/{rel}","templated":true}]}}